{"id":5205,"date":"2025-09-29T11:35:51","date_gmt":"2025-09-29T09:35:51","guid":{"rendered":"https:\/\/csi.advmedialab.com\/?page_id=5205"},"modified":"2025-10-01T11:56:37","modified_gmt":"2025-10-01T09:56:37","slug":"domande-frequenti","status":"publish","type":"page","link":"https:\/\/www.centrostuditaliani.org\/it\/domande-frequenti\/","title":{"rendered":"Domande Frequenti"},"content":{"rendered":"[vc_row type=&#8221;full_width_content&#8221; full_screen_row_position=&#8221;middle&#8221; column_margin=&#8221;default&#8221; column_direction=&#8221;default&#8221; column_direction_tablet=&#8221;default&#8221; column_direction_phone=&#8221;default&#8221; bg_color=&#8221;#009540&#8243; scene_position=&#8221;center&#8221; left_padding_desktop=&#8221;5%&#8221; constrain_group_2=&#8221;yes&#8221; right_padding_desktop=&#8221;5%&#8221; text_color=&#8221;light&#8221; text_align=&#8221;center&#8221; row_border_radius=&#8221;none&#8221; row_border_radius_applies=&#8221;bg&#8221; overflow=&#8221;visible&#8221; overlay_strength=&#8221;0.5&#8243; gradient_direction=&#8221;top_to_bottom&#8221; shape_divider_position=&#8221;bottom&#8221; bg_image_animation=&#8221;none&#8221; gradient_type=&#8221;default&#8221; shape_type=&#8221;&#8221;][vc_column top_padding_desktop=&#8221;24%&#8221; bottom_padding_desktop=&#8221;12%&#8221; top_padding_tablet=&#8221;32%&#8221; constrain_group_102=&#8221;yes&#8221; bottom_padding_tablet=&#8221;32%&#8221; top_padding_phone=&#8221;24%&#8221; constrain_group_104=&#8221;yes&#8221; bottom_padding_phone=&#8221;24%&#8221; column_element_direction_desktop=&#8221;default&#8221; column_element_spacing=&#8221;default&#8221; desktop_text_alignment=&#8221;left&#8221; tablet_text_alignment=&#8221;center&#8221; phone_text_alignment=&#8221;center&#8221; background_color_opacity=&#8221;1&#8243; background_hover_color_opacity=&#8221;1&#8243; column_backdrop_filter=&#8221;none&#8221; column_shadow=&#8221;none&#8221; column_border_radius=&#8221;none&#8221; column_link_target=&#8221;_self&#8221; column_position=&#8221;default&#8221; gradient_direction=&#8221;left_to_right&#8221; overlay_strength=&#8221;0.3&#8243; width=&#8221;2\/3&#8243; tablet_width_inherit=&#8221;default&#8221; animation_type=&#8221;default&#8221; bg_image_animation=&#8221;none&#8221; border_type=&#8221;simple&#8221; column_border_width=&#8221;none&#8221; column_border_style=&#8221;solid&#8221; column_padding_type=&#8221;advanced&#8221; gradient_type=&#8221;default&#8221; offset=&#8221;vc_col-lg-offset-0 vc_col-md-offset-0&#8243;][vc_column_text css=&#8221;&#8221; text_direction=&#8221;default&#8221;]\n<h1>Domande frequenti<\/h1>\n<p>Se hai qualche domanda, questa pagina pu\u00f2 aiutarti![\/vc_column_text][\/vc_column][\/vc_row][vc_row type=&#8221;full_width_content&#8221; full_screen_row_position=&#8221;middle&#8221; column_margin=&#8221;default&#8221; column_direction=&#8221;default&#8221; column_direction_tablet=&#8221;default&#8221; column_direction_phone=&#8221;default&#8221; bg_color=&#8221;#f6f6f6&#8243; scene_position=&#8221;center&#8221; text_color=&#8221;dark&#8221; text_align=&#8221;left&#8221; row_border_radius=&#8221;none&#8221; row_border_radius_applies=&#8221;bg&#8221; overflow=&#8221;visible&#8221; overlay_strength=&#8221;0.3&#8243; gradient_direction=&#8221;left_to_right&#8221; shape_divider_position=&#8221;bottom&#8221; bg_image_animation=&#8221;none&#8221; gradient_type=&#8221;default&#8221; shape_type=&#8221;&#8221;][vc_column top_padding_desktop=&#8221;80px&#8221; constrain_group_100=&#8221;yes&#8221; bottom_padding_desktop=&#8221;80px&#8221; left_padding_desktop=&#8221;5%&#8221; constrain_group_101=&#8221;yes&#8221; right_padding_desktop=&#8221;5%&#8221; top_padding_tablet=&#8221;56px&#8221; constrain_group_102=&#8221;yes&#8221; bottom_padding_tablet=&#8221;56px&#8221; top_padding_phone=&#8221;56px&#8221; constrain_group_104=&#8221;yes&#8221; bottom_padding_phone=&#8221;56px&#8221; column_element_direction_desktop=&#8221;default&#8221; column_element_spacing=&#8221;default&#8221; desktop_text_alignment=&#8221;default&#8221; tablet_text_alignment=&#8221;default&#8221; phone_text_alignment=&#8221;default&#8221; background_color_opacity=&#8221;1&#8243; background_hover_color_opacity=&#8221;1&#8243; column_backdrop_filter=&#8221;none&#8221; column_shadow=&#8221;none&#8221; column_border_radius=&#8221;none&#8221; column_link_target=&#8221;_self&#8221; column_position=&#8221;default&#8221; el_class=&#8221;custom-toggle-2&#8243; gradient_direction=&#8221;left_to_right&#8221; overlay_strength=&#8221;0.3&#8243; width=&#8221;1\/1&#8243; tablet_width_inherit=&#8221;default&#8221; animation_type=&#8221;default&#8221; bg_image_animation=&#8221;none&#8221; border_type=&#8221;simple&#8221; column_border_width=&#8221;none&#8221; column_border_style=&#8221;solid&#8221; column_padding_type=&#8221;advanced&#8221; gradient_type=&#8221;default&#8221;][toggles style=&#8221;default&#8221; accordion=&#8221;true&#8221; accordion_starting_functionality=&#8221;closed&#8221; border_radius=&#8221;none&#8221;][toggle color=&#8221;Extra-Color-1&#8243; heading_tag=&#8221;default&#8221; heading_tag_functionality=&#8221;default&#8221; title=&#8221;1 \u2013 Quando inizia il mio corso?&#8221;][vc_column_text css=&#8221;&#8221; text_direction=&#8221;default&#8221;]Normalmente i nostri corsi iniziano ogni luned\u00ec. Ad ogni modo, dovrai concordare la data di inizio del tuo corso insieme alla nostra segreteria.[\/vc_column_text][\/toggle][toggle color=&#8221;Extra-Color-1&#8243; heading_tag=&#8221;default&#8221; heading_tag_functionality=&#8221;default&#8221; title=&#8221;2 \u2013 Quanto dura il mio corso?&#8221;][vc_column_text css=&#8221;&#8221; text_direction=&#8221;default&#8221;]I nostri corsi hanno una durata flessibile, potrai scegliere tu stesso la durata che preferisci.[\/vc_column_text][\/toggle][toggle color=&#8221;Extra-Color-1&#8243; heading_tag=&#8221;default&#8221; heading_tag_functionality=&#8221;default&#8221; title=&#8221;3 \u2013 In quali giorni della settimana avr\u00f2 lezione?&#8221;][vc_column_text css=&#8221;&#8221; text_direction=&#8221;default&#8221;]Se non hai scelto un corso a frequenza quotidiana, i giorni in cui avrai lezione saranno concordati insieme alla segreteria studenti, che terr\u00e0 conto delle esigenze di tutti i partecipanti al gruppo.[\/vc_column_text][\/toggle][toggle color=&#8221;Extra-Color-1&#8243; heading_tag=&#8221;default&#8221; heading_tag_functionality=&#8221;default&#8221; title=&#8221;4 \u2013 Cosa succede se devo cancellare la mia prenotazione prima dell\u2019inizio del corso?&#8221;][vc_column_text css=&#8221;&#8221; text_direction=&#8221;default&#8221;]Se cancelli la tua prenotazione entro 14 giorni dal pagamento della caparra confirmatoria avrai diritto al rimborso totale, al netto delle spese bancarie. Passato questo periodo la caparra confirmatoria non potr\u00e0 essere rimborsata. Potrai tuttavia cederla ad un amico o conservarla per future prenotazioni, purch\u00e9 avvengano entro l\u2019anno corrente.[\/vc_column_text][\/toggle][toggle color=&#8221;Extra-Color-1&#8243; heading_tag=&#8221;default&#8221; heading_tag_functionality=&#8221;default&#8221; title=&#8221;5 \u2013 Cosa succede se devo cancellare la mia prenotazione a causa del COVID-19?&#8221;][vc_column_text css=&#8221;&#8221; text_direction=&#8221;default&#8221;]Se la tua cancellazione avviene per problematiche relative al Covid-19, la scuola ti fornir\u00e0 un voucher pari al valore di quanto da te gi\u00e0 corrisposto, da spendere per un altro tipo di corso (ad esempio convertendo il tuo corso in presenza in un corso online) oppure per una nuova prenotazione, purch\u00e9 avvenga entro l\u2019anno corrente o quello successivo.[\/vc_column_text][\/toggle][toggle color=&#8221;Extra-Color-1&#8243; heading_tag=&#8221;default&#8221; heading_tag_functionality=&#8221;default&#8221; title=&#8221;6 \u2013 Cosa succede se devo interrompere il mio corso?&#8221;][vc_column_text css=&#8221;&#8221; text_direction=&#8221;default&#8221;]La parte rimanente del tuo corso verr\u00e0 convertita in un credito che potrai spendere per un nuovo corso, purch\u00e9 avvenga entro l\u2019anno corrente.[\/vc_column_text][\/toggle][toggle color=&#8221;Extra-Color-1&#8243; heading_tag=&#8221;default&#8221; heading_tag_functionality=&#8221;default&#8221; title=&#8221;7 \u2013 Cosa succede se ho scelto un corso di gruppo ma non ci sono gruppi del mio livello nel periodo da me scelto?&#8221;][vc_column_text css=&#8221;&#8221; text_direction=&#8221;default&#8221;]Se non ci sono gruppi del tuo livello ti verr\u00e0 comunicato dalla segreteria e ti verr\u00e0 proposto di posticipare il tuo corso o, in alternativa, di convertire il tuo corso di gruppo in un corso individuale fino al raggiungimento dell\u2019importo da te corrisposto (ogni ora di lezione privata ha un valore di \u20ac45).[\/vc_column_text][\/toggle][toggle color=&#8221;Extra-Color-1&#8243; heading_tag=&#8221;default&#8221; heading_tag_functionality=&#8221;default&#8221; title=&#8221;8 \u2013 Cosa succede se voglio trasferire la mia iscrizione da una sede Centro Studi Italiani a un\u2019altra?&#8221;][vc_column_text css=&#8221;&#8221; text_direction=&#8221;default&#8221;]\u00c8 possibile trasferire la tua iscrizione da una sede Centro Studi Italiani a un\u2019altra. Il trasferimento andr\u00e0 confermato dalla segreteria studenti.[\/vc_column_text][\/toggle][toggle color=&#8221;Extra-Color-1&#8243; heading_tag=&#8221;default&#8221; heading_tag_functionality=&#8221;default&#8221; title=&#8221;9 \u2013 Quando posso sapere quali attivit\u00e0 saranno organizzate durante il mio soggiorno?&#8221;][vc_column_text css=&#8221;&#8221; text_direction=&#8221;default&#8221;]Il programma di attivit\u00e0 ed escursioni ti verr\u00e0 presentato nel tuo primo giorno di lezione. Potrai scegliere a quale attivit\u00e0 partecipare iscrivendoti direttamente presso la segreteria della scuola.[\/vc_column_text][\/toggle][toggle color=&#8221;Extra-Color-1&#8243; heading_tag=&#8221;default&#8221; heading_tag_functionality=&#8221;default&#8221; title=&#8221;10 \u2013 Qual \u00e8 la procedura di iscrizione se devo richiedere un visto di studio?&#8221;][vc_column_text css=&#8221;&#8221; text_direction=&#8221;default&#8221;]Se devi richiedere un visto di studio, ti chiederemo di pagare anticipatamente l\u2019intera retta. Una volta ricevuto il pagamento, provvederemo ad inviarti i documenti necessari da allegare alla tua domanda di visto.<br \/>\nUna volta ottenuto il visto di studio non sar\u00e0 pi\u00f9 possibile cancellare il corso o modificarne le date. Se non frequenterai le lezioni per due giorni consecutivi senza avvertire la scuola, saremo tenuti ad informare la polizia.<br \/>\nNel caso in cui il tuo visto venga rifiutato, ti rimborseremo l\u2019intera retta pagata al netto di \u20ac100 di costi di segreteria. Per ottenere il rimborso dovrai presentare la lettera di rifiuto rilasciata dall\u2019Ambasciata. Se hai ottenuto il visto non potrai pi\u00f9 cancellare la tua iscrizione.[\/vc_column_text][\/toggle][\/toggles][\/vc_column][\/vc_row]\n","protected":false},"excerpt":{"rendered":"<p>[vc_row type=&#8221;full_width_content&#8221; full_screen_row_position=&#8221;middle&#8221; column_margin=&#8221;default&#8221; column_direction=&#8221;default&#8221; column_direction_tablet=&#8221;default&#8221; column_direction_phone=&#8221;default&#8221; bg_color=&#8221;#009540&#8243; scene_position=&#8221;center&#8221; left_padding_desktop=&#8221;5%&#8221; constrain_group_2=&#8221;yes&#8221; right_padding_desktop=&#8221;5%&#8221; text_color=&#8221;light&#8221; text_align=&#8221;center&#8221; row_border_radius=&#8221;none&#8221; row_border_radius_applies=&#8221;bg&#8221; overflow=&#8221;visible&#8221; overlay_strength=&#8221;0.5&#8243; gradient_direction=&#8221;top_to_bottom&#8221; shape_divider_position=&#8221;bottom&#8221; bg_image_animation=&#8221;none&#8221; gradient_type=&#8221;default&#8221; shape_type=&#8221;&#8221;][vc_column top_padding_desktop=&#8221;24%&#8221; bottom_padding_desktop=&#8221;12%&#8221; top_padding_tablet=&#8221;32%&#8221; constrain_group_102=&#8221;yes&#8221; bottom_padding_tablet=&#8221;32%&#8221; top_padding_phone=&#8221;24%&#8221; constrain_group_104=&#8221;yes&#8221;&#8230;<\/p>\n","protected":false},"author":2,"featured_media":0,"parent":0,"menu_order":0,"comment_status":"closed","ping_status":"closed","template":"","meta":{"_acf_changed":false,"content-type":"","footnotes":""},"class_list":["post-5205","page","type-page","status-publish"],"acf":[],"_links":{"self":[{"href":"https:\/\/www.centrostuditaliani.org\/it\/wp-json\/wp\/v2\/pages\/5205","targetHints":{"allow":["GET"]}}],"collection":[{"href":"https:\/\/www.centrostuditaliani.org\/it\/wp-json\/wp\/v2\/pages"}],"about":[{"href":"https:\/\/www.centrostuditaliani.org\/it\/wp-json\/wp\/v2\/types\/page"}],"author":[{"embeddable":true,"href":"https:\/\/www.centrostuditaliani.org\/it\/wp-json\/wp\/v2\/users\/2"}],"replies":[{"embeddable":true,"href":"https:\/\/www.centrostuditaliani.org\/it\/wp-json\/wp\/v2\/comments?post=5205"}],"version-history":[{"count":4,"href":"https:\/\/www.centrostuditaliani.org\/it\/wp-json\/wp\/v2\/pages\/5205\/revisions"}],"predecessor-version":[{"id":5229,"href":"https:\/\/www.centrostuditaliani.org\/it\/wp-json\/wp\/v2\/pages\/5205\/revisions\/5229"}],"wp:attachment":[{"href":"https:\/\/www.centrostuditaliani.org\/it\/wp-json\/wp\/v2\/media?parent=5205"}],"curies":[{"name":"wp","href":"https:\/\/api.w.org\/{rel}","templated":true}]}}