{"id":2753,"date":"2025-07-28T18:09:14","date_gmt":"2025-07-28T16:09:14","guid":{"rendered":"https:\/\/csi.advmedialab.com\/?page_id=2753"},"modified":"2025-10-01T11:40:56","modified_gmt":"2025-10-01T09:40:56","slug":"tutti-i-corsi-di-gruppo-in-italia","status":"publish","type":"page","link":"https:\/\/www.centrostuditaliani.org\/it\/corsi-in-italia\/tutti-i-corsi-di-gruppo-in-italia\/","title":{"rendered":"Tutti i corsi di gruppo in Italia"},"content":{"rendered":"[vc_row type=&#8221;full_width_content&#8221; full_screen_row_position=&#8221;middle&#8221; column_margin=&#8221;default&#8221; column_direction=&#8221;default&#8221; column_direction_tablet=&#8221;default&#8221; column_direction_phone=&#8221;default&#8221; bg_image=&#8221;2839&#8243; bg_position=&#8221;center center&#8221; background_image_loading=&#8221;default&#8221; bg_repeat=&#8221;no-repeat&#8221; scene_position=&#8221;center&#8221; left_padding_desktop=&#8221;5%&#8221; constrain_group_2=&#8221;yes&#8221; right_padding_desktop=&#8221;5%&#8221; text_color=&#8221;light&#8221; text_align=&#8221;center&#8221; row_border_radius=&#8221;none&#8221; row_border_radius_applies=&#8221;bg&#8221; overflow=&#8221;visible&#8221; color_overlay=&#8221;rgba(0,0,0,0.9)&#8221; overlay_strength=&#8221;0.3&#8243; gradient_direction=&#8221;top_to_bottom&#8221; shape_divider_position=&#8221;bottom&#8221; bg_image_animation=&#8221;none&#8221; gradient_type=&#8221;default&#8221; shape_type=&#8221;&#8221;][vc_column top_padding_desktop=&#8221;32%&#8221; constrain_group_100=&#8221;yes&#8221; bottom_padding_desktop=&#8221;32%&#8221; top_padding_tablet=&#8221;44%&#8221; constrain_group_102=&#8221;yes&#8221; bottom_padding_tablet=&#8221;44%&#8221; top_padding_phone=&#8221;44%&#8221; constrain_group_104=&#8221;yes&#8221; bottom_padding_phone=&#8221;44%&#8221; column_element_direction_desktop=&#8221;default&#8221; column_element_spacing=&#8221;default&#8221; desktop_text_alignment=&#8221;center&#8221; tablet_text_alignment=&#8221;center&#8221; phone_text_alignment=&#8221;center&#8221; background_color_opacity=&#8221;1&#8243; background_hover_color_opacity=&#8221;1&#8243; column_backdrop_filter=&#8221;none&#8221; column_shadow=&#8221;none&#8221; column_border_radius=&#8221;none&#8221; column_link_target=&#8221;_self&#8221; column_position=&#8221;default&#8221; gradient_direction=&#8221;left_to_right&#8221; overlay_strength=&#8221;0.3&#8243; width=&#8221;1\/2&#8243; tablet_width_inherit=&#8221;default&#8221; animation_type=&#8221;default&#8221; bg_image_animation=&#8221;none&#8221; border_type=&#8221;simple&#8221; column_border_width=&#8221;none&#8221; column_border_style=&#8221;solid&#8221; column_padding_type=&#8221;advanced&#8221; gradient_type=&#8221;default&#8221; offset=&#8221;vc_col-lg-offset-3 vc_col-lg-6 vc_col-md-offset-3 vc_col-md-6&#8243;][vc_column_text css=&#8221;&#8221; text_direction=&#8221;default&#8221;]\n<h1>Tutti i corsi di gruppo di lingua italiana<\/h1>\n[\/vc_column_text][\/vc_column][\/vc_row][vc_row type=&#8221;full_width_content&#8221; full_screen_row_position=&#8221;middle&#8221; column_margin=&#8221;default&#8221; column_direction=&#8221;default&#8221; column_direction_tablet=&#8221;default&#8221; column_direction_phone=&#8221;default&#8221; scene_position=&#8221;center&#8221; top_padding=&#8221;80px&#8221; bottom_padding=&#8221;40px&#8221; left_padding_desktop=&#8221;5%&#8221; constrain_group_2=&#8221;yes&#8221; right_padding_desktop=&#8221;5%&#8221; top_padding_tablet=&#8221;56px&#8221; bottom_padding_tablet=&#8221;24px&#8221; top_padding_phone=&#8221;56px&#8221; bottom_padding_phone=&#8221;24px&#8221; text_color=&#8221;dark&#8221; text_align=&#8221;center&#8221; row_border_radius=&#8221;none&#8221; row_border_radius_applies=&#8221;bg&#8221; overflow=&#8221;visible&#8221; overlay_strength=&#8221;0.3&#8243; gradient_direction=&#8221;left_to_right&#8221; shape_divider_position=&#8221;bottom&#8221; bg_image_animation=&#8221;none&#8221; gradient_type=&#8221;default&#8221; shape_type=&#8221;&#8221;][vc_column constrain_group_100=&#8221;yes&#8221; column_element_direction_desktop=&#8221;default&#8221; column_element_spacing=&#8221;default&#8221; desktop_text_alignment=&#8221;default&#8221; tablet_text_alignment=&#8221;default&#8221; phone_text_alignment=&#8221;default&#8221; background_color_opacity=&#8221;1&#8243; background_hover_color_opacity=&#8221;1&#8243; column_backdrop_filter=&#8221;none&#8221; column_shadow=&#8221;none&#8221; column_border_radius=&#8221;none&#8221; column_link_target=&#8221;_self&#8221; column_position=&#8221;default&#8221; gradient_direction=&#8221;left_to_right&#8221; overlay_strength=&#8221;0.3&#8243; width=&#8221;5\/6&#8243; tablet_width_inherit=&#8221;default&#8221; animation_type=&#8221;default&#8221; bg_image_animation=&#8221;none&#8221; border_type=&#8221;simple&#8221; column_border_width=&#8221;none&#8221; column_border_style=&#8221;solid&#8221; column_padding_type=&#8221;advanced&#8221; gradient_type=&#8221;default&#8221; offset=&#8221;vc_col-lg-offset-1 vc_col-lg-10 vc_col-md-offset-1 vc_col-md-10 vc_col-sm-offset-0&#8243;][vc_column_text css=&#8221;&#8221; text_direction=&#8221;default&#8221;]I nostri corsi di gruppo di lingua italiana accolgono studenti di tutte le et\u00e0, livelli e nazionalit\u00e0, creando una comunit\u00e0 di apprendimento vivace e diversificata.<\/p>\n<p>La durata dei corsi e le date di inizio sono estremamente flessibili, e sono pensate per adattarsi ai tuoi impegni. <strong>Scegli ci\u00f2 che pi\u00f9 si adatta a te<\/strong>: da 12 ore a settimana per un approccio rilassato con tempo per capire al meglio la lingua, fino a 30 ore a settimana per un&#8217;immersione completa e un progresso rapido.[\/vc_column_text][\/vc_column][\/vc_row][vc_row type=&#8221;in_container&#8221; full_screen_row_position=&#8221;middle&#8221; column_margin=&#8221;default&#8221; column_direction=&#8221;default&#8221; column_direction_tablet=&#8221;default&#8221; column_direction_phone=&#8221;default&#8221; scene_position=&#8221;center&#8221; bottom_padding=&#8221;24px&#8221; bottom_padding_tablet=&#8221;24px&#8221; bottom_padding_phone=&#8221;24px&#8221; text_color=&#8221;dark&#8221; text_align=&#8221;left&#8221; row_border_radius=&#8221;none&#8221; row_border_radius_applies=&#8221;bg&#8221; overflow=&#8221;visible&#8221; overlay_strength=&#8221;0.3&#8243; gradient_direction=&#8221;left_to_right&#8221; shape_divider_position=&#8221;bottom&#8221; bg_image_animation=&#8221;none&#8221; gradient_type=&#8221;default&#8221; shape_type=&#8221;&#8221;][vc_column column_padding=&#8221;no-extra-padding&#8221; column_padding_tablet=&#8221;inherit&#8221; column_padding_phone=&#8221;inherit&#8221; column_padding_position=&#8221;all&#8221; column_element_direction_desktop=&#8221;default&#8221; column_element_spacing=&#8221;default&#8221; desktop_text_alignment=&#8221;default&#8221; tablet_text_alignment=&#8221;default&#8221; phone_text_alignment=&#8221;default&#8221; background_color_opacity=&#8221;1&#8243; background_hover_color_opacity=&#8221;1&#8243; column_backdrop_filter=&#8221;none&#8221; column_shadow=&#8221;none&#8221; column_border_radius=&#8221;none&#8221; column_link_target=&#8221;_self&#8221; column_position=&#8221;default&#8221; gradient_direction=&#8221;left_to_right&#8221; overlay_strength=&#8221;0.3&#8243; width=&#8221;1\/3&#8243; tablet_width_inherit=&#8221;default&#8221; animation_type=&#8221;default&#8221; bg_image_animation=&#8221;none&#8221; border_type=&#8221;simple&#8221; column_border_width=&#8221;none&#8221; column_border_style=&#8221;solid&#8221; column_padding_type=&#8221;default&#8221; gradient_type=&#8221;default&#8221; offset=&#8221;vc_col-lg-offset-4 vc_col-md-offset-4&#8243;][vc_column_text css=&#8221;&#8221; text_direction=&#8221;default&#8221;]<div id=\"ez-toc-container\" class=\"ez-toc-v2_0_82_2 counter-hierarchy ez-toc-counter ez-toc-custom ez-toc-container-direction\">\n<div class=\"ez-toc-title-container\">\n<p class=\"ez-toc-title\" style=\"cursor:inherit\">Cosa troverai in questa pagina<\/p>\n<span class=\"ez-toc-title-toggle\"><a href=\"#\" class=\"ez-toc-pull-right ez-toc-btn ez-toc-btn-xs ez-toc-btn-default ez-toc-toggle\" aria-label=\"Toggle Table of Content\"><span class=\"ez-toc-js-icon-con\"><span class=\"\"><span class=\"eztoc-hide\" style=\"display:none;\">Toggle<\/span><span class=\"ez-toc-icon-toggle-span\"><svg style=\"fill: #4d5765;color:#4d5765\" xmlns=\"http:\/\/www.w3.org\/2000\/svg\" class=\"list-377408\" width=\"20px\" height=\"20px\" viewBox=\"0 0 24 24\" fill=\"none\"><path d=\"M6 6H4v2h2V6zm14 0H8v2h12V6zM4 11h2v2H4v-2zm16 0H8v2h12v-2zM4 16h2v2H4v-2zm16 0H8v2h12v-2z\" fill=\"currentColor\"><\/path><\/svg><svg style=\"fill: #4d5765;color:#4d5765\" class=\"arrow-unsorted-368013\" xmlns=\"http:\/\/www.w3.org\/2000\/svg\" width=\"10px\" height=\"10px\" viewBox=\"0 0 24 24\" version=\"1.2\" baseProfile=\"tiny\"><path d=\"M18.2 9.3l-6.2-6.3-6.2 6.3c-.2.2-.3.4-.3.7s.1.5.3.7c.2.2.4.3.7.3h11c.3 0 .5-.1.7-.3.2-.2.3-.5.3-.7s-.1-.5-.3-.7zM5.8 14.7l6.2 6.3 6.2-6.3c.2-.2.3-.5.3-.7s-.1-.5-.3-.7c-.2-.2-.4-.3-.7-.3h-11c-.3 0-.5.1-.7.3-.2.2-.3.5-.3.7s.1.5.3.7z\"\/><\/svg><\/span><\/span><\/span><\/a><\/span><\/div>\n<nav><ul class='ez-toc-list ez-toc-list-level-1 ' ><li class='ez-toc-page-1 ez-toc-heading-level-2'><a class=\"ez-toc-link ez-toc-heading-1\" href=\"https:\/\/www.centrostuditaliani.org\/it\/corsi-in-italia\/tutti-i-corsi-di-gruppo-in-italia\/#Vieni_in_Italia_per_imparare_litaliano\" >Vieni in Italia per imparare l&#8217;italiano<\/a><\/li><\/ul><\/nav><\/div>\n[\/vc_column_text][\/vc_column][\/vc_row][vc_row type=&#8221;full_width_content&#8221; full_screen_row_position=&#8221;middle&#8221; column_margin=&#8221;default&#8221; column_direction=&#8221;default&#8221; column_direction_tablet=&#8221;default&#8221; column_direction_phone=&#8221;default&#8221; scene_position=&#8221;center&#8221; left_padding_desktop=&#8221;5%&#8221; constrain_group_2=&#8221;yes&#8221; right_padding_desktop=&#8221;5%&#8221; text_color=&#8221;dark&#8221; text_align=&#8221;left&#8221; row_border_radius=&#8221;none&#8221; row_border_radius_applies=&#8221;bg&#8221; overflow=&#8221;visible&#8221; overlay_strength=&#8221;0.3&#8243; gradient_direction=&#8221;left_to_right&#8221; shape_divider_position=&#8221;bottom&#8221; bg_image_animation=&#8221;none&#8221; gradient_type=&#8221;default&#8221; shape_type=&#8221;&#8221;][vc_column column_padding=&#8221;no-extra-padding&#8221; column_padding_tablet=&#8221;inherit&#8221; column_padding_phone=&#8221;inherit&#8221; column_padding_position=&#8221;all&#8221; column_element_direction_desktop=&#8221;default&#8221; column_element_spacing=&#8221;default&#8221; desktop_text_alignment=&#8221;default&#8221; tablet_text_alignment=&#8221;default&#8221; phone_text_alignment=&#8221;default&#8221; background_color_opacity=&#8221;1&#8243; background_hover_color_opacity=&#8221;1&#8243; background_image=&#8221;2763&#8243; background_image_position=&#8221;center center&#8221; background_image_stacking=&#8221;default&#8221; background_image_loading=&#8221;default&#8221; column_backdrop_filter=&#8221;none&#8221; column_shadow=&#8221;none&#8221; column_border_radius=&#8221;20px&#8221; column_link_target=&#8221;_self&#8221; column_position=&#8221;default&#8221; color_overlay=&#8221;rgba(0,0,0,0.3)&#8221; gradient_direction=&#8221;left_to_right&#8221; overlay_strength=&#8221;0.3&#8243; width=&#8221;1\/1&#8243; tablet_width_inherit=&#8221;default&#8221; animation_type=&#8221;default&#8221; bg_image_animation=&#8221;none&#8221; border_type=&#8221;simple&#8221; column_border_width=&#8221;none&#8221; column_border_style=&#8221;solid&#8221; column_padding_type=&#8221;default&#8221; gradient_type=&#8221;default&#8221;][divider line_type=&#8221;No Line&#8221; custom_height=&#8221;60vh&#8221; custom_height_phone=&#8221;400px&#8221;][\/vc_column][\/vc_row][vc_row type=&#8221;full_width_content&#8221; full_screen_row_position=&#8221;middle&#8221; column_margin=&#8221;default&#8221; column_direction=&#8221;default&#8221; column_direction_tablet=&#8221;default&#8221; column_direction_phone=&#8221;default&#8221; bg_color=&#8221;#f6f6f6&#8243; scene_position=&#8221;center&#8221; top_padding=&#8221;280px&#8221; bottom_padding=&#8221;56px&#8221; left_padding_desktop=&#8221;5%&#8221; constrain_group_2=&#8221;yes&#8221; right_padding_desktop=&#8221;5%&#8221; top_padding_tablet=&#8221;56px&#8221; constrain_group_3=&#8221;yes&#8221; bottom_padding_tablet=&#8221;56px&#8221; top_padding_phone=&#8221;56px&#8221; constrain_group_5=&#8221;yes&#8221; bottom_padding_phone=&#8221;56px&#8221; top_margin=&#8221;-200px&#8221; top_margin_tablet=&#8221;-40px&#8221; top_margin_phone=&#8221;-40px&#8221; text_color=&#8221;dark&#8221; text_align=&#8221;center&#8221; row_border_radius=&#8221;none&#8221; row_border_radius_applies=&#8221;bg&#8221; overflow=&#8221;visible&#8221; overlay_strength=&#8221;0.3&#8243; gradient_direction=&#8221;left_to_right&#8221; shape_divider_position=&#8221;bottom&#8221; bg_image_animation=&#8221;none&#8221; gradient_type=&#8221;default&#8221; shape_type=&#8221;&#8221;][vc_column constrain_group_100=&#8221;yes&#8221; constrain_group_102=&#8221;yes&#8221; constrain_group_104=&#8221;yes&#8221; column_element_direction_desktop=&#8221;default&#8221; column_element_spacing=&#8221;default&#8221; desktop_text_alignment=&#8221;default&#8221; tablet_text_alignment=&#8221;default&#8221; phone_text_alignment=&#8221;default&#8221; background_color_opacity=&#8221;1&#8243; background_hover_color_opacity=&#8221;1&#8243; column_backdrop_filter=&#8221;none&#8221; column_shadow=&#8221;none&#8221; column_border_radius=&#8221;none&#8221; column_link_target=&#8221;_self&#8221; column_position=&#8221;default&#8221; gradient_direction=&#8221;left_to_right&#8221; overlay_strength=&#8221;0.3&#8243; width=&#8221;5\/6&#8243; tablet_width_inherit=&#8221;default&#8221; animation_type=&#8221;default&#8221; bg_image_animation=&#8221;none&#8221; border_type=&#8221;simple&#8221; column_border_width=&#8221;none&#8221; column_border_style=&#8221;solid&#8221; column_padding_type=&#8221;advanced&#8221; gradient_type=&#8221;default&#8221; offset=&#8221;vc_col-lg-offset-1 vc_col-lg-10 vc_col-md-offset-1 vc_col-md-10 vc_col-sm-offset-0&#8243;][vc_column_text css=&#8221;&#8221; text_direction=&#8221;default&#8221;]\n<h2><span class=\"ez-toc-section\" id=\"Vieni_in_Italia_per_imparare_litaliano\"><\/span>Vieni in Italia per imparare l&#8217;italiano<span class=\"ez-toc-section-end\"><\/span><\/h2>\n<p>I nostri corsi di gruppo sono progettati per fornire attenzione individuale in un ambiente di supporto e coinvolgente. <strong>Manteniamo intenzionalmente le nostre classi piccole<\/strong> per garantire che ogni studente riceva la guida personalizzata di cui ha bisogno.<\/p>\n<p>Pi\u00f9 di un semplice corso di lingua: entrerai in contatto con persone provenienti da background diversi e stringerai amicizie con altri amanti dell&#8217;Italia da tutto il mondo.<\/p>\n<p><strong>Pronto a imparare l&#8217;italiano<\/strong>, fare nuove amicizie e vivere un mondo di cultura?<br \/>\nNon perdere questa opportunit\u00e0![\/vc_column_text][\/vc_column][\/vc_row][vc_row type=&#8221;full_width_content&#8221; full_screen_row_position=&#8221;middle&#8221; column_margin=&#8221;default&#8221; vertically_center_columns=&#8221;true&#8221; column_direction=&#8221;default&#8221; column_direction_tablet=&#8221;default&#8221; column_direction_phone=&#8221;default&#8221; bg_color=&#8221;#f6f6f6&#8243; scene_position=&#8221;center&#8221; constrain_group_2=&#8221;yes&#8221; left_padding_tablet=&#8221;3%&#8221; constrain_group_4=&#8221;yes&#8221; right_padding_tablet=&#8221;3%&#8221; left_padding_phone=&#8221;3%&#8221; constrain_group_6=&#8221;yes&#8221; right_padding_phone=&#8221;3%&#8221; text_color=&#8221;dark&#8221; text_align=&#8221;left&#8221; row_border_radius=&#8221;none&#8221; row_border_radius_applies=&#8221;bg&#8221; overflow=&#8221;visible&#8221; overlay_strength=&#8221;0.3&#8243; gradient_direction=&#8221;left_to_right&#8221; shape_divider_position=&#8221;bottom&#8221; bg_image_animation=&#8221;none&#8221; gradient_type=&#8221;default&#8221; shape_type=&#8221;&#8221;][vc_column top_padding_desktop=&#8221;56px&#8221; bottom_padding_desktop=&#8221;104px&#8221; top_padding_tablet=&#8221;56px&#8221; constrain_group_102=&#8221;yes&#8221; bottom_padding_tablet=&#8221;56px&#8221; top_padding_phone=&#8221;56px&#8221; constrain_group_104=&#8221;yes&#8221; bottom_padding_phone=&#8221;56px&#8221; column_element_direction_desktop=&#8221;default&#8221; column_element_spacing=&#8221;default&#8221; desktop_text_alignment=&#8221;default&#8221; tablet_text_alignment=&#8221;default&#8221; phone_text_alignment=&#8221;default&#8221; background_color_opacity=&#8221;1&#8243; background_hover_color_opacity=&#8221;1&#8243; column_backdrop_filter=&#8221;none&#8221; column_shadow=&#8221;none&#8221; column_border_radius=&#8221;none&#8221; column_link_target=&#8221;_self&#8221; column_position=&#8221;default&#8221; gradient_direction=&#8221;left_to_right&#8221; overlay_strength=&#8221;0.3&#8243; width=&#8221;1\/1&#8243; tablet_width_inherit=&#8221;default&#8221; animation_type=&#8221;default&#8221; bg_image_animation=&#8221;none&#8221; border_type=&#8221;simple&#8221; column_border_width=&#8221;none&#8221; column_border_style=&#8221;solid&#8221; column_padding_type=&#8221;advanced&#8221; gradient_type=&#8221;default&#8221;][nectar_post_grid post_type=&#8221;portfolio&#8221; portfolio_category=&#8221;corsi-di-gruppo-in-italia&#8221; portfolio_starting_category=&#8221;all&#8221; order=&#8221;DESC&#8221; orderby=&#8221;date&#8221; flickity_controls=&#8221;next_prev_arrows_overlaid&#8221; flickity_overflow=&#8221;hidden&#8221; flickity_wrap_around=&#8221;wrap&#8221; columns=&#8221;4&#8243; columns_tablet=&#8221;default&#8221; columns_phone=&#8221;default&#8221; desktop_small_cols_flickity=&#8221;4&#8243; tablet_cols_flickity=&#8221;2&#8243; phone_cols_flickity=&#8221;1&#8243; grid_item_spacing=&#8221;10px&#8221; grid_item_height=&#8221;60vh&#8221; 4_col_masonry_layout=&#8221;default&#8221; image_size=&#8221;large&#8221; image_loading=&#8221;default&#8221; animation=&#8221;none&#8221; animation_stagger=&#8221;90&#8243; animation_easing=&#8221;default&#8221; heading_tag=&#8221;default&#8221; heading_tag_render=&#8221;default&#8221; font_size_min=&#8221;20px&#8221; font_size_max=&#8221;20px&#8221; category_position=&#8221;default&#8221; additional_meta_size=&#8221;default&#8221; custom_fields_location=&#8221;before_post_meta&#8221; grid_style=&#8221;content_overlaid&#8221; text_content_layout=&#8221;all_bottom_left&#8221; color_overlay_opacity=&#8221;0&#8243; color_overlay_hover_opacity=&#8221;0&#8243; text_color=&#8221;light&#8221; text_color_hover=&#8221;light&#8221; text_opacity=&#8221;1&#8243; text_hover_opacity=&#8221;1&#8243; hover_effect=&#8221;none&#8221; border_radius=&#8221;15px&#8221; content_overlaid_padding_desktop=&#8221;24px&#8221; display_type=&#8221;carousel&#8221; custom_font_size=&#8221;20px&#8221; font_line_height=&#8221;1.3em&#8221; css_class_name=&#8221;loop-overlay&#8221;][\/vc_column][\/vc_row][vc_row type=&#8221;full_width_content&#8221; full_screen_row_position=&#8221;middle&#8221; column_margin=&#8221;default&#8221; column_direction=&#8221;default&#8221; column_direction_tablet=&#8221;default&#8221; column_direction_phone=&#8221;default&#8221; scene_position=&#8221;center&#8221; text_color=&#8221;dark&#8221; text_align=&#8221;left&#8221; row_border_radius=&#8221;none&#8221; row_border_radius_applies=&#8221;bg&#8221; overflow=&#8221;visible&#8221; overlay_strength=&#8221;0.3&#8243; gradient_direction=&#8221;left_to_right&#8221; shape_divider_position=&#8221;bottom&#8221; bg_image_animation=&#8221;none&#8221; gradient_type=&#8221;default&#8221; shape_type=&#8221;&#8221;][vc_column column_padding=&#8221;no-extra-padding&#8221; column_padding_tablet=&#8221;inherit&#8221; column_padding_phone=&#8221;inherit&#8221; column_padding_position=&#8221;all&#8221; column_element_direction_desktop=&#8221;default&#8221; column_element_spacing=&#8221;default&#8221; desktop_text_alignment=&#8221;default&#8221; tablet_text_alignment=&#8221;default&#8221; phone_text_alignment=&#8221;default&#8221; background_color_opacity=&#8221;1&#8243; background_hover_color_opacity=&#8221;1&#8243; column_backdrop_filter=&#8221;none&#8221; column_shadow=&#8221;none&#8221; column_border_radius=&#8221;none&#8221; column_link_target=&#8221;_self&#8221; column_position=&#8221;default&#8221; gradient_direction=&#8221;left_to_right&#8221; overlay_strength=&#8221;0.3&#8243; width=&#8221;1\/1&#8243; tablet_width_inherit=&#8221;default&#8221; animation_type=&#8221;default&#8221; bg_image_animation=&#8221;none&#8221; border_type=&#8221;simple&#8221; column_border_width=&#8221;none&#8221; column_border_style=&#8221;solid&#8221;][vc_raw_html css=&#8221;&#8221;]JTNDYXNpZGUlM0U=[\/vc_raw_html][nectar_global_section id=&#8221;352&#8243;][nectar_global_section id=&#8221;356&#8243;][vc_raw_html css=&#8221;&#8221;]JTNDJTJGYXNpZGUlM0U=[\/vc_raw_html][\/vc_column][\/vc_row]\n","protected":false},"excerpt":{"rendered":"<p>[vc_row type=&#8221;full_width_content&#8221; full_screen_row_position=&#8221;middle&#8221; column_margin=&#8221;default&#8221; column_direction=&#8221;default&#8221; column_direction_tablet=&#8221;default&#8221; column_direction_phone=&#8221;default&#8221; bg_image=&#8221;2839&#8243; bg_position=&#8221;center center&#8221; background_image_loading=&#8221;default&#8221; bg_repeat=&#8221;no-repeat&#8221; scene_position=&#8221;center&#8221; left_padding_desktop=&#8221;5%&#8221; constrain_group_2=&#8221;yes&#8221; right_padding_desktop=&#8221;5%&#8221; text_color=&#8221;light&#8221; text_align=&#8221;center&#8221; row_border_radius=&#8221;none&#8221; row_border_radius_applies=&#8221;bg&#8221; overflow=&#8221;visible&#8221; color_overlay=&#8221;rgba(0,0,0,0.9)&#8221; overlay_strength=&#8221;0.3&#8243; gradient_direction=&#8221;top_to_bottom&#8221; shape_divider_position=&#8221;bottom&#8221; bg_image_animation=&#8221;none&#8221; gradient_type=&#8221;default&#8221; shape_type=&#8221;&#8221;][vc_column top_padding_desktop=&#8221;32%&#8221; constrain_group_100=&#8221;yes&#8221;&#8230;<\/p>\n","protected":false},"author":2,"featured_media":0,"parent":41,"menu_order":0,"comment_status":"closed","ping_status":"closed","template":"","meta":{"_acf_changed":false,"content-type":"","footnotes":""},"class_list":["post-2753","page","type-page","status-publish"],"acf":[],"_links":{"self":[{"href":"https:\/\/www.centrostuditaliani.org\/it\/wp-json\/wp\/v2\/pages\/2753","targetHints":{"allow":["GET"]}}],"collection":[{"href":"https:\/\/www.centrostuditaliani.org\/it\/wp-json\/wp\/v2\/pages"}],"about":[{"href":"https:\/\/www.centrostuditaliani.org\/it\/wp-json\/wp\/v2\/types\/page"}],"author":[{"embeddable":true,"href":"https:\/\/www.centrostuditaliani.org\/it\/wp-json\/wp\/v2\/users\/2"}],"replies":[{"embeddable":true,"href":"https:\/\/www.centrostuditaliani.org\/it\/wp-json\/wp\/v2\/comments?post=2753"}],"version-history":[{"count":9,"href":"https:\/\/www.centrostuditaliani.org\/it\/wp-json\/wp\/v2\/pages\/2753\/revisions"}],"predecessor-version":[{"id":4630,"href":"https:\/\/www.centrostuditaliani.org\/it\/wp-json\/wp\/v2\/pages\/2753\/revisions\/4630"}],"up":[{"embeddable":true,"href":"https:\/\/www.centrostuditaliani.org\/it\/wp-json\/wp\/v2\/pages\/41"}],"wp:attachment":[{"href":"https:\/\/www.centrostuditaliani.org\/it\/wp-json\/wp\/v2\/media?parent=2753"}],"curies":[{"name":"wp","href":"https:\/\/api.w.org\/{rel}","templated":true}]}}